{"id":854,"date":"2021-07-07T08:38:26","date_gmt":"2021-07-07T08:38:26","guid":{"rendered":"https:\/\/demo.artureanec.com\/themes\/transx-new\/?post_type=product&amp;p=854"},"modified":"2022-12-20T17:15:42","modified_gmt":"2022-12-20T17:15:42","slug":"delivery-paper-box-2","status":"publish","type":"product","link":"https:\/\/balancasdigital.com.br\/index.php\/product\/delivery-paper-box-2\/","title":{"rendered":"Delivery Paper Box"},"content":{"rendered":"<p><strong>Trumpeter ropefish bonito roughy cobbler dogteeth tetra sturgeon pollock sea snail, saury woody sculpin southern sandfish blue.<\/strong><\/p>\n<p>Tench South American darter bobtail snipe eel armored searobin lumpsucker combfish flat loach tang p\u00edntano spiderfish gunnel. Skilfish, halosaur skilfish manefish, bonnetmouth alfonsino largenose fish moonfish aruana glowlight danio. Basking shark halibut, North Pacific daggertooth, bonnetmouth sand stargazer sand goby. Queen triggerfish sand dab hammerhead shark zebra trout pelican gulper, common tunny boarfish. Pleco riffle dace flier trunkfish<\/p>\n<ul>\n<li><strong>Shockproof<\/strong><\/li>\n<li><strong>Wood \/ cardboard<\/strong><\/li>\n<li><strong>Environmental material<\/strong><\/li>\n<\/ul>\n<table>\n<tbody>\n<tr>\n<th>Width<\/th>\n<td>150 cm<\/td>\n<\/tr>\n<tr>\n<th>Height<\/th>\n<td>50 cm<\/td>\n<\/tr>\n<tr>\n<th>Volume<\/th>\n<td>75 L<\/td>\n<\/tr>\n<\/tbody>\n<\/table>\n","protected":false},"excerpt":{"rendered":"<p>Tench South American darter bobtail snipe eel armored searobin lumpsucker combfish flat loach tang p\u00edntano spiderfish gunnel. Skilfish, halosaur skilfish manefish, bonnetmouth alfonsino. Basking shark halibut, North Pacific daggertooth, bonnetmouth sand stargazer sand goby. Queen triggerfish sand dab hammerhead shark zebra trout pelican gulper, common tunny boarfish. Pleco riffle dace flier trunkfish largenose.<\/p>\n","protected":false},"featured_media":835,"comment_status":"open","ping_status":"closed","template":"","meta":{"_joinchat":[]},"product_cat":[31],"product_tag":[32,37,39],"class_list":{"0":"post-854","1":"product","2":"type-product","3":"status-publish","4":"has-post-thumbnail","6":"product_cat-containers","7":"product_tag-delivery","8":"product_tag-transport","9":"product_tag-warehouse","11":"first","12":"instock","13":"sale","14":"shipping-taxable","15":"purchasable","16":"product-type-simple"},"yoast_head":"<!-- This site is optimized with the Yoast SEO plugin v24.0 - https:\/\/yoast.com\/wordpress\/plugins\/seo\/ -->\n<title>Delivery Paper Box - Digital Balan\u00e7as<\/title>\n<meta name=\"robots\" content=\"index, follow, max-snippet:-1, max-image-preview:large, max-video-preview:-1\" \/>\n<link rel=\"canonical\" href=\"https:\/\/balancasdigital.com.br\/index.php\/product\/delivery-paper-box-2\/\" \/>\n<meta property=\"og:locale\" content=\"pt_BR\" \/>\n<meta property=\"og:type\" content=\"article\" \/>\n<meta property=\"og:title\" content=\"Delivery Paper Box - Digital Balan\u00e7as\" \/>\n<meta property=\"og:description\" content=\"Tench South American darter bobtail snipe eel armored searobin lumpsucker combfish flat loach tang p\u00edntano spiderfish gunnel. Skilfish, halosaur skilfish manefish, bonnetmouth alfonsino. Basking shark halibut, North Pacific daggertooth, bonnetmouth sand stargazer sand goby. Queen triggerfish sand dab hammerhead shark zebra trout pelican gulper, common tunny boarfish. Pleco riffle dace flier trunkfish largenose.\" \/>\n<meta property=\"og:url\" content=\"https:\/\/balancasdigital.com.br\/index.php\/product\/delivery-paper-box-2\/\" \/>\n<meta property=\"og:site_name\" content=\"Digital Balan\u00e7as\" \/>\n<meta property=\"article:modified_time\" content=\"2022-12-20T17:15:42+00:00\" \/>\n<meta property=\"og:image\" content=\"https:\/\/balancasdigital.com.br\/wp-content\/uploads\/2021\/07\/shop_new_1.jpg\" \/>\n\t<meta property=\"og:image:width\" content=\"1000\" \/>\n\t<meta property=\"og:image:height\" content=\"1000\" \/>\n\t<meta property=\"og:image:type\" content=\"image\/jpeg\" \/>\n<meta name=\"twitter:card\" content=\"summary_large_image\" \/>\n<script type=\"application\/ld+json\" class=\"yoast-schema-graph\">{\"@context\":\"https:\/\/schema.org\",\"@graph\":[{\"@type\":\"WebPage\",\"@id\":\"https:\/\/balancasdigital.com.br\/index.php\/product\/delivery-paper-box-2\/\",\"url\":\"https:\/\/balancasdigital.com.br\/index.php\/product\/delivery-paper-box-2\/\",\"name\":\"Delivery Paper Box - Digital Balan\u00e7as\",\"isPartOf\":{\"@id\":\"https:\/\/balancasdigital.com.br\/#website\"},\"primaryImageOfPage\":{\"@id\":\"https:\/\/balancasdigital.com.br\/index.php\/product\/delivery-paper-box-2\/#primaryimage\"},\"image\":{\"@id\":\"https:\/\/balancasdigital.com.br\/index.php\/product\/delivery-paper-box-2\/#primaryimage\"},\"thumbnailUrl\":\"https:\/\/balancasdigital.com.br\/wp-content\/uploads\/2021\/07\/shop_new_1.jpg\",\"datePublished\":\"2021-07-07T08:38:26+00:00\",\"dateModified\":\"2022-12-20T17:15:42+00:00\",\"breadcrumb\":{\"@id\":\"https:\/\/balancasdigital.com.br\/index.php\/product\/delivery-paper-box-2\/#breadcrumb\"},\"inLanguage\":\"pt-BR\",\"potentialAction\":[{\"@type\":\"ReadAction\",\"target\":[\"https:\/\/balancasdigital.com.br\/index.php\/product\/delivery-paper-box-2\/\"]}]},{\"@type\":\"ImageObject\",\"inLanguage\":\"pt-BR\",\"@id\":\"https:\/\/balancasdigital.com.br\/index.php\/product\/delivery-paper-box-2\/#primaryimage\",\"url\":\"https:\/\/balancasdigital.com.br\/wp-content\/uploads\/2021\/07\/shop_new_1.jpg\",\"contentUrl\":\"https:\/\/balancasdigital.com.br\/wp-content\/uploads\/2021\/07\/shop_new_1.jpg\",\"width\":1000,\"height\":1000},{\"@type\":\"BreadcrumbList\",\"@id\":\"https:\/\/balancasdigital.com.br\/index.php\/product\/delivery-paper-box-2\/#breadcrumb\",\"itemListElement\":[{\"@type\":\"ListItem\",\"position\":1,\"name\":\"In\u00edcio\",\"item\":\"https:\/\/balancasdigital.com.br\/\"},{\"@type\":\"ListItem\",\"position\":2,\"name\":\"Shop\",\"item\":\"https:\/\/balancasdigital.com.br\/index.php\/shop\/\"},{\"@type\":\"ListItem\",\"position\":3,\"name\":\"Delivery Paper Box\"}]},{\"@type\":\"WebSite\",\"@id\":\"https:\/\/balancasdigital.com.br\/#website\",\"url\":\"https:\/\/balancasdigital.com.br\/\",\"name\":\"Digital Balan\u00e7as\",\"description\":\"Com\u00e9rcio e assist\u00eancia de balan\u00e7as\",\"potentialAction\":[{\"@type\":\"SearchAction\",\"target\":{\"@type\":\"EntryPoint\",\"urlTemplate\":\"https:\/\/balancasdigital.com.br\/?s={search_term_string}\"},\"query-input\":{\"@type\":\"PropertyValueSpecification\",\"valueRequired\":true,\"valueName\":\"search_term_string\"}}],\"inLanguage\":\"pt-BR\"}]}<\/script>\n<!-- \/ Yoast SEO plugin. -->","yoast_head_json":{"title":"Delivery Paper Box - Digital Balan\u00e7as","robots":{"index":"index","follow":"follow","max-snippet":"max-snippet:-1","max-image-preview":"max-image-preview:large","max-video-preview":"max-video-preview:-1"},"canonical":"https:\/\/balancasdigital.com.br\/index.php\/product\/delivery-paper-box-2\/","og_locale":"pt_BR","og_type":"article","og_title":"Delivery Paper Box - Digital Balan\u00e7as","og_description":"Tench South American darter bobtail snipe eel armored searobin lumpsucker combfish flat loach tang p\u00edntano spiderfish gunnel. Skilfish, halosaur skilfish manefish, bonnetmouth alfonsino. Basking shark halibut, North Pacific daggertooth, bonnetmouth sand stargazer sand goby. Queen triggerfish sand dab hammerhead shark zebra trout pelican gulper, common tunny boarfish. Pleco riffle dace flier trunkfish largenose.","og_url":"https:\/\/balancasdigital.com.br\/index.php\/product\/delivery-paper-box-2\/","og_site_name":"Digital Balan\u00e7as","article_modified_time":"2022-12-20T17:15:42+00:00","og_image":[{"width":1000,"height":1000,"url":"https:\/\/balancasdigital.com.br\/wp-content\/uploads\/2021\/07\/shop_new_1.jpg","type":"image\/jpeg"}],"twitter_card":"summary_large_image","schema":{"@context":"https:\/\/schema.org","@graph":[{"@type":"WebPage","@id":"https:\/\/balancasdigital.com.br\/index.php\/product\/delivery-paper-box-2\/","url":"https:\/\/balancasdigital.com.br\/index.php\/product\/delivery-paper-box-2\/","name":"Delivery Paper Box - Digital Balan\u00e7as","isPartOf":{"@id":"https:\/\/balancasdigital.com.br\/#website"},"primaryImageOfPage":{"@id":"https:\/\/balancasdigital.com.br\/index.php\/product\/delivery-paper-box-2\/#primaryimage"},"image":{"@id":"https:\/\/balancasdigital.com.br\/index.php\/product\/delivery-paper-box-2\/#primaryimage"},"thumbnailUrl":"https:\/\/balancasdigital.com.br\/wp-content\/uploads\/2021\/07\/shop_new_1.jpg","datePublished":"2021-07-07T08:38:26+00:00","dateModified":"2022-12-20T17:15:42+00:00","breadcrumb":{"@id":"https:\/\/balancasdigital.com.br\/index.php\/product\/delivery-paper-box-2\/#breadcrumb"},"inLanguage":"pt-BR","potentialAction":[{"@type":"ReadAction","target":["https:\/\/balancasdigital.com.br\/index.php\/product\/delivery-paper-box-2\/"]}]},{"@type":"ImageObject","inLanguage":"pt-BR","@id":"https:\/\/balancasdigital.com.br\/index.php\/product\/delivery-paper-box-2\/#primaryimage","url":"https:\/\/balancasdigital.com.br\/wp-content\/uploads\/2021\/07\/shop_new_1.jpg","contentUrl":"https:\/\/balancasdigital.com.br\/wp-content\/uploads\/2021\/07\/shop_new_1.jpg","width":1000,"height":1000},{"@type":"BreadcrumbList","@id":"https:\/\/balancasdigital.com.br\/index.php\/product\/delivery-paper-box-2\/#breadcrumb","itemListElement":[{"@type":"ListItem","position":1,"name":"In\u00edcio","item":"https:\/\/balancasdigital.com.br\/"},{"@type":"ListItem","position":2,"name":"Shop","item":"https:\/\/balancasdigital.com.br\/index.php\/shop\/"},{"@type":"ListItem","position":3,"name":"Delivery Paper Box"}]},{"@type":"WebSite","@id":"https:\/\/balancasdigital.com.br\/#website","url":"https:\/\/balancasdigital.com.br\/","name":"Digital Balan\u00e7as","description":"Com\u00e9rcio e assist\u00eancia de balan\u00e7as","potentialAction":[{"@type":"SearchAction","target":{"@type":"EntryPoint","urlTemplate":"https:\/\/balancasdigital.com.br\/?s={search_term_string}"},"query-input":{"@type":"PropertyValueSpecification","valueRequired":true,"valueName":"search_term_string"}}],"inLanguage":"pt-BR"}]}},"_links":{"self":[{"href":"https:\/\/balancasdigital.com.br\/index.php\/wp-json\/wp\/v2\/product\/854","targetHints":{"allow":["GET"]}}],"collection":[{"href":"https:\/\/balancasdigital.com.br\/index.php\/wp-json\/wp\/v2\/product"}],"about":[{"href":"https:\/\/balancasdigital.com.br\/index.php\/wp-json\/wp\/v2\/types\/product"}],"replies":[{"embeddable":true,"href":"https:\/\/balancasdigital.com.br\/index.php\/wp-json\/wp\/v2\/comments?post=854"}],"wp:featuredmedia":[{"embeddable":true,"href":"https:\/\/balancasdigital.com.br\/index.php\/wp-json\/wp\/v2\/media\/835"}],"wp:attachment":[{"href":"https:\/\/balancasdigital.com.br\/index.php\/wp-json\/wp\/v2\/media?parent=854"}],"wp:term":[{"taxonomy":"product_cat","embeddable":true,"href":"https:\/\/balancasdigital.com.br\/index.php\/wp-json\/wp\/v2\/product_cat?post=854"},{"taxonomy":"product_tag","embeddable":true,"href":"https:\/\/balancasdigital.com.br\/index.php\/wp-json\/wp\/v2\/product_tag?post=854"}],"curies":[{"name":"wp","href":"https:\/\/api.w.org\/{rel}","templated":true}]}}