{"id":82,"date":"2021-06-16T16:00:57","date_gmt":"2021-06-16T16:00:57","guid":{"rendered":"https:\/\/demo.artureanec.com\/themes\/transx-new\/?page_id=82"},"modified":"2021-06-16T16:00:57","modified_gmt":"2021-06-16T16:00:57","slug":"request-quote","status":"publish","type":"page","link":"https:\/\/balancasdigital.com.br\/index.php\/request-quote\/","title":{"rendered":"Request Quote"},"content":{"rendered":"\t\t<div data-elementor-type=\"wp-page\" data-elementor-id=\"82\" class=\"elementor elementor-82\">\n\t\t\t\t\t\t<section class=\"elementor-section elementor-top-section elementor-element elementor-element-3f540992 elementor-section-boxed elementor-section-height-default elementor-section-height-default\" data-id=\"3f540992\" data-element_type=\"section\">\n\t\t\t\t\t\t<div class=\"elementor-container elementor-column-gap-default\">\n\t\t\t\t\t<div class=\"elementor-column elementor-col-33 elementor-top-column elementor-element elementor-element-1e427cbb\" data-id=\"1e427cbb\" data-element_type=\"column\">\n\t\t\t<div class=\"elementor-widget-wrap elementor-element-populated\">\n\t\t\t\t\t\t<div class=\"elementor-element elementor-element-09ed5d5 elementor-widget elementor-widget-shortcode\" data-id=\"09ed5d5\" data-element_type=\"widget\" data-widget_type=\"shortcode.default\">\n\t\t\t\t<div class=\"elementor-widget-container\">\n\t\t\t\t\t<div class=\"elementor-shortcode\">\n<div class=\"wpcf7 no-js\" id=\"wpcf7-f1525-o1\" lang=\"en-US\" dir=\"ltr\" data-wpcf7-id=\"1525\">\n<div class=\"screen-reader-response\"><p role=\"status\" aria-live=\"polite\" aria-atomic=\"true\"><\/p> <ul><\/ul><\/div>\n<form action=\"\/index.php\/wp-json\/wp\/v2\/pages\/82#wpcf7-f1525-o1\" method=\"post\" class=\"wpcf7-form init\" aria-label=\"Contact form\" novalidate=\"novalidate\" data-status=\"init\">\n<div style=\"display: none;\">\n<input type=\"hidden\" name=\"_wpcf7\" value=\"1525\" \/>\n<input type=\"hidden\" name=\"_wpcf7_version\" value=\"6.0.1\" \/>\n<input type=\"hidden\" name=\"_wpcf7_locale\" value=\"en_US\" \/>\n<input type=\"hidden\" name=\"_wpcf7_unit_tag\" value=\"wpcf7-f1525-o1\" \/>\n<input type=\"hidden\" name=\"_wpcf7_container_post\" value=\"0\" \/>\n<input type=\"hidden\" name=\"_wpcf7_posted_data_hash\" value=\"\" \/>\n<\/div>\n<div class=\"transx_quote_form_container\">\n\t<h6>Personal data\n\t<\/h6>\n\t<div class=\"row transx_personal_data_container\">\n\t\t<div class=\"col-4\">\n\t\t\t<p><span class=\"wpcf7-form-control-wrap\" data-name=\"name-6\"><input size=\"40\" maxlength=\"400\" class=\"wpcf7-form-control wpcf7-text\" aria-invalid=\"false\" placeholder=\"Full name\" value=\"\" type=\"text\" name=\"name-6\" \/><\/span>\n\t\t\t<\/p>\n\t\t<\/div>\n\t\t<div class=\"col-4\">\n\t\t\t<p><span class=\"wpcf7-form-control-wrap\" data-name=\"email-6\"><input size=\"40\" maxlength=\"400\" class=\"wpcf7-form-control wpcf7-email wpcf7-text wpcf7-validates-as-email\" aria-invalid=\"false\" placeholder=\"Email\" value=\"\" type=\"email\" name=\"email-6\" \/><\/span>\n\t\t\t<\/p>\n\t\t<\/div>\n\t\t<div class=\"col-4\">\n\t\t\t<p><span class=\"wpcf7-form-control-wrap\" data-name=\"tel-100\"><input size=\"40\" maxlength=\"400\" class=\"wpcf7-form-control wpcf7-tel wpcf7-text wpcf7-validates-as-tel\" aria-invalid=\"false\" placeholder=\"Phone\" value=\"\" type=\"tel\" name=\"tel-100\" \/><\/span>\n\t\t\t<\/p>\n\t\t<\/div>\n\t<\/div>\n\t<h6>Shipment data\n\t<\/h6>\n\t<div class=\"row transx_shipment_data_container\">\n\t\t<div class=\"col-4\">\n\t\t\t<p><span class=\"wpcf7-form-control-wrap\" data-name=\"menu-265\"><select class=\"wpcf7-form-control wpcf7-select transx_truckload_type_select\" aria-invalid=\"false\" name=\"menu-265\"><option value=\"Freight type\">Freight type<\/option><option value=\"Value 1\">Value 1<\/option><option value=\"Value 2\">Value 2<\/option><option value=\"Value 3\">Value 3<\/option><option value=\"Value 4\">Value 4<\/option><option value=\"Value 5\">Value 5<\/option><\/select><\/span><span class=\"wpcf7-form-control-wrap\" data-name=\"menu-266\"><select class=\"wpcf7-form-control wpcf7-select transx_truckload_type_select\" aria-invalid=\"false\" name=\"menu-266\"><option value=\"Freight type\">Freight type<\/option><option value=\"Value 1\">Value 1<\/option><option value=\"Value 2\">Value 2<\/option><option value=\"Value 3\">Value 3<\/option><option value=\"Value 4\">Value 4<\/option><option value=\"Value 5\">Value 5<\/option><\/select><\/span>\n\t\t\t<\/p>\n\t\t<\/div>\n\t\t<div class=\"col-4\">\n\t\t\t<p><span class=\"wpcf7-form-control-wrap\" data-name=\"delivery-city-360\"><input size=\"40\" maxlength=\"400\" class=\"wpcf7-form-control wpcf7-text\" aria-invalid=\"false\" placeholder=\"Delivery City\" value=\"\" type=\"text\" name=\"delivery-city-360\" \/><\/span>\n\t\t\t<\/p>\n\t\t\t<div class=\"row\">\n\t\t\t\t<div class=\"col-6\">\n\t\t\t\t\t<p><span class=\"wpcf7-form-control-wrap\" data-name=\"weight-361\"><input size=\"40\" maxlength=\"400\" class=\"wpcf7-form-control wpcf7-text\" aria-invalid=\"false\" placeholder=\"Weight\" value=\"\" type=\"text\" name=\"weight-361\" \/><\/span>\n\t\t\t\t\t<\/p>\n\t\t\t\t<\/div>\n\t\t\t\t<div class=\"col-6\">\n\t\t\t\t\t<p><span class=\"wpcf7-form-control-wrap\" data-name=\"height-361\"><input size=\"40\" maxlength=\"400\" class=\"wpcf7-form-control wpcf7-text\" aria-invalid=\"false\" placeholder=\"Height\" value=\"\" type=\"text\" name=\"height-361\" \/><\/span>\n\t\t\t\t\t<\/p>\n\t\t\t\t<\/div>\n\t\t\t<\/div>\n\t\t<\/div>\n\t\t<div class=\"col-4\">\n\t\t\t<p><span class=\"wpcf7-form-control-wrap\" data-name=\"departure-city-360\"><input size=\"40\" maxlength=\"400\" class=\"wpcf7-form-control wpcf7-text\" aria-invalid=\"false\" placeholder=\"City of departure\" value=\"\" type=\"text\" name=\"departure-city-360\" \/><\/span>\n\t\t\t<\/p>\n\t\t\t<div class=\"row\">\n\t\t\t\t<div class=\"col-6\">\n\t\t\t\t\t<p><span class=\"wpcf7-form-control-wrap\" data-name=\"weight-362\"><input size=\"40\" maxlength=\"400\" class=\"wpcf7-form-control wpcf7-text\" aria-invalid=\"false\" placeholder=\"Weight\" value=\"\" type=\"text\" name=\"weight-362\" \/><\/span>\n\t\t\t\t\t<\/p>\n\t\t\t\t<\/div>\n\t\t\t\t<div class=\"col-6\">\n\t\t\t\t\t<p><span class=\"wpcf7-form-control-wrap\" data-name=\"height-362\"><input size=\"40\" maxlength=\"400\" class=\"wpcf7-form-control wpcf7-text\" aria-invalid=\"false\" placeholder=\"Height\" value=\"\" type=\"text\" name=\"height-362\" \/><\/span>\n\t\t\t\t\t<\/p>\n\t\t\t\t<\/div>\n\t\t\t<\/div>\n\t\t<\/div>\n\t\t<div class=\"col-12 transx_checkbox_block\">\n\t\t\t<p><span class=\"wpcf7-form-control-wrap\" data-name=\"checkbox-635\"><span class=\"wpcf7-form-control wpcf7-checkbox\"><span class=\"wpcf7-list-item first last\"><label><input type=\"checkbox\" name=\"checkbox-635[]\" value=\"Fragile\" \/><span class=\"wpcf7-list-item-label\">Fragile<\/span><\/label><\/span><\/span><\/span><span class=\"wpcf7-form-control-wrap\" data-name=\"checkbox-636\"><span class=\"wpcf7-form-control wpcf7-checkbox\"><span class=\"wpcf7-list-item first last\"><label><input type=\"checkbox\" name=\"checkbox-636[]\" value=\"Express delivery\" \/><span class=\"wpcf7-list-item-label\">Express delivery<\/span><\/label><\/span><\/span><\/span><span class=\"wpcf7-form-control-wrap\" data-name=\"radio-795\"><span class=\"wpcf7-form-control wpcf7-radio\"><span class=\"wpcf7-list-item first\"><label><input type=\"radio\" name=\"radio-795\" value=\"Insurance\" checked=\"checked\" \/><span class=\"wpcf7-list-item-label\">Insurance<\/span><\/label><\/span><span class=\"wpcf7-list-item last\"><label><input type=\"radio\" name=\"radio-795\" value=\"Packaging\" \/><span class=\"wpcf7-list-item-label\">Packaging<\/span><\/label><\/span><\/span><\/span>\n\t\t\t<\/p>\n\t\t<\/div>\n\t<\/div>\n\t<p><input class=\"wpcf7-form-control wpcf7-submit has-spinner\" type=\"submit\" value=\"Request a Quote\" \/>\n\t<\/p>\n<\/div><div class=\"wpcf7-response-output\" aria-hidden=\"true\"><\/div>\n<\/form>\n<\/div>\n<\/div>\n\t\t\t\t<\/div>\n\t\t\t\t<\/div>\n\t\t\t\t\t<\/div>\n\t\t<\/div>\n\t\t\t\t<div class=\"elementor-column elementor-col-33 elementor-top-column elementor-element elementor-element-65126f3d\" data-id=\"65126f3d\" data-element_type=\"column\">\n\t\t\t<div class=\"elementor-widget-wrap\">\n\t\t\t\t\t\t\t<\/div>\n\t\t<\/div>\n\t\t\t\t<div class=\"elementor-column elementor-col-33 elementor-top-column elementor-element elementor-element-1feb9cc1\" data-id=\"1feb9cc1\" data-element_type=\"column\">\n\t\t\t<div class=\"elementor-widget-wrap elementor-element-populated\">\n\t\t\t\t\t\t<div class=\"elementor-element elementor-element-3664f304 elementor-widget elementor-widget-html\" data-id=\"3664f304\" data-element_type=\"widget\" data-widget_type=\"html.default\">\n\t\t\t\t<div class=\"elementor-widget-container\">\n\t\t\t<div class=\"transx_contact-trigger transx_contact-trigger--style-2\">\n\t<img decoding=\"async\" class=\"transx_contact-trigger__img\" src=\"https:\/\/demo.artureanec.com\/themes\/transx\/wp-content\/uploads\/2021\/04\/contact_background.png\" alt=\"img\" \/>\n\n\t<h4 class=\"transx_contact-trigger__title\">How we can help you?<\/h4>\n\n\t<p class=\"transx_contact-trigger__text\">Ronquil coho salmon red snapper duckbill lungfish southern  angelfish<\/p>\n\n\t<a class=\"transx_button\" href=\"https:\/\/demo.artureanec.com\/themes\/transx-new\/contact-us\/\">\n\t\t<span>Contact us<\/span>\n\t\t<svg class=\"icon\">\n\t\t\t<svg viewbox=\"0 0 150 78.6\" xmlns=\"http:\/\/www.w3.org\/2000\/svg\"><path d=\"M0 31.5h150v12.7H0V31.5zM112.8-.1l30.9 31.5-8.8 9L104 8.9l8.8-9zm18.1 51l-18.4 18.8 8.9 9 18.4-18.8-8.9-9z\"\/><\/svg>\n\t\t<\/svg>\n\t<\/a>\n<\/div>\t\t<\/div>\n\t\t\t\t<\/div>\n\t\t\t\t\t<\/div>\n\t\t<\/div>\n\t\t\t\t\t<\/div>\n\t\t<\/section>\n\t\t\t\t<\/div>\n\t\t","protected":false},"excerpt":{"rendered":"<p>How we can help you? Ronquil coho salmon red snapper duckbill lungfish southern angelfish Contact us<\/p>\n","protected":false},"author":1,"featured_media":20,"parent":0,"menu_order":0,"comment_status":"closed","ping_status":"closed","template":"","meta":{"_joinchat":[],"footnotes":""},"class_list":["post-82","page","type-page","status-publish","has-post-thumbnail","hentry"],"yoast_head":"<!-- This site is optimized with the Yoast SEO plugin v24.0 - https:\/\/yoast.com\/wordpress\/plugins\/seo\/ -->\n<title>Request Quote - Digital Balan\u00e7as<\/title>\n<meta name=\"robots\" content=\"index, follow, max-snippet:-1, max-image-preview:large, max-video-preview:-1\" \/>\n<link rel=\"canonical\" href=\"https:\/\/balancasdigital.com.br\/index.php\/request-quote\/\" \/>\n<meta property=\"og:locale\" content=\"pt_BR\" \/>\n<meta property=\"og:type\" content=\"article\" \/>\n<meta property=\"og:title\" content=\"Request Quote - Digital Balan\u00e7as\" \/>\n<meta property=\"og:description\" content=\"How we can help you? Ronquil coho salmon red snapper duckbill lungfish southern angelfish Contact us\" \/>\n<meta property=\"og:url\" content=\"https:\/\/balancasdigital.com.br\/index.php\/request-quote\/\" \/>\n<meta property=\"og:site_name\" content=\"Digital Balan\u00e7as\" \/>\n<meta property=\"og:image\" content=\"https:\/\/balancasdigital.com.br\/wp-content\/uploads\/2021\/06\/page_bg_4.jpg\" \/>\n\t<meta property=\"og:image:width\" content=\"1920\" \/>\n\t<meta property=\"og:image:height\" content=\"658\" \/>\n\t<meta property=\"og:image:type\" content=\"image\/jpeg\" \/>\n<meta name=\"twitter:card\" content=\"summary_large_image\" \/>\n<script type=\"application\/ld+json\" class=\"yoast-schema-graph\">{\"@context\":\"https:\/\/schema.org\",\"@graph\":[{\"@type\":\"WebPage\",\"@id\":\"https:\/\/balancasdigital.com.br\/index.php\/request-quote\/\",\"url\":\"https:\/\/balancasdigital.com.br\/index.php\/request-quote\/\",\"name\":\"Request Quote - Digital Balan\u00e7as\",\"isPartOf\":{\"@id\":\"https:\/\/balancasdigital.com.br\/#website\"},\"primaryImageOfPage\":{\"@id\":\"https:\/\/balancasdigital.com.br\/index.php\/request-quote\/#primaryimage\"},\"image\":{\"@id\":\"https:\/\/balancasdigital.com.br\/index.php\/request-quote\/#primaryimage\"},\"thumbnailUrl\":\"https:\/\/balancasdigital.com.br\/wp-content\/uploads\/2021\/06\/page_bg_4.jpg\",\"datePublished\":\"2021-06-16T16:00:57+00:00\",\"dateModified\":\"2021-06-16T16:00:57+00:00\",\"breadcrumb\":{\"@id\":\"https:\/\/balancasdigital.com.br\/index.php\/request-quote\/#breadcrumb\"},\"inLanguage\":\"pt-BR\",\"potentialAction\":[{\"@type\":\"ReadAction\",\"target\":[\"https:\/\/balancasdigital.com.br\/index.php\/request-quote\/\"]}]},{\"@type\":\"ImageObject\",\"inLanguage\":\"pt-BR\",\"@id\":\"https:\/\/balancasdigital.com.br\/index.php\/request-quote\/#primaryimage\",\"url\":\"https:\/\/balancasdigital.com.br\/wp-content\/uploads\/2021\/06\/page_bg_4.jpg\",\"contentUrl\":\"https:\/\/balancasdigital.com.br\/wp-content\/uploads\/2021\/06\/page_bg_4.jpg\",\"width\":1920,\"height\":658},{\"@type\":\"BreadcrumbList\",\"@id\":\"https:\/\/balancasdigital.com.br\/index.php\/request-quote\/#breadcrumb\",\"itemListElement\":[{\"@type\":\"ListItem\",\"position\":1,\"name\":\"In\u00edcio\",\"item\":\"https:\/\/balancasdigital.com.br\/\"},{\"@type\":\"ListItem\",\"position\":2,\"name\":\"Request Quote\"}]},{\"@type\":\"WebSite\",\"@id\":\"https:\/\/balancasdigital.com.br\/#website\",\"url\":\"https:\/\/balancasdigital.com.br\/\",\"name\":\"Digital Balan\u00e7as\",\"description\":\"Com\u00e9rcio e assist\u00eancia de balan\u00e7as\",\"potentialAction\":[{\"@type\":\"SearchAction\",\"target\":{\"@type\":\"EntryPoint\",\"urlTemplate\":\"https:\/\/balancasdigital.com.br\/?s={search_term_string}\"},\"query-input\":{\"@type\":\"PropertyValueSpecification\",\"valueRequired\":true,\"valueName\":\"search_term_string\"}}],\"inLanguage\":\"pt-BR\"}]}<\/script>\n<!-- \/ Yoast SEO plugin. -->","yoast_head_json":{"title":"Request Quote - Digital Balan\u00e7as","robots":{"index":"index","follow":"follow","max-snippet":"max-snippet:-1","max-image-preview":"max-image-preview:large","max-video-preview":"max-video-preview:-1"},"canonical":"https:\/\/balancasdigital.com.br\/index.php\/request-quote\/","og_locale":"pt_BR","og_type":"article","og_title":"Request Quote - Digital Balan\u00e7as","og_description":"How we can help you? Ronquil coho salmon red snapper duckbill lungfish southern angelfish Contact us","og_url":"https:\/\/balancasdigital.com.br\/index.php\/request-quote\/","og_site_name":"Digital Balan\u00e7as","og_image":[{"width":1920,"height":658,"url":"https:\/\/balancasdigital.com.br\/wp-content\/uploads\/2021\/06\/page_bg_4.jpg","type":"image\/jpeg"}],"twitter_card":"summary_large_image","schema":{"@context":"https:\/\/schema.org","@graph":[{"@type":"WebPage","@id":"https:\/\/balancasdigital.com.br\/index.php\/request-quote\/","url":"https:\/\/balancasdigital.com.br\/index.php\/request-quote\/","name":"Request Quote - Digital Balan\u00e7as","isPartOf":{"@id":"https:\/\/balancasdigital.com.br\/#website"},"primaryImageOfPage":{"@id":"https:\/\/balancasdigital.com.br\/index.php\/request-quote\/#primaryimage"},"image":{"@id":"https:\/\/balancasdigital.com.br\/index.php\/request-quote\/#primaryimage"},"thumbnailUrl":"https:\/\/balancasdigital.com.br\/wp-content\/uploads\/2021\/06\/page_bg_4.jpg","datePublished":"2021-06-16T16:00:57+00:00","dateModified":"2021-06-16T16:00:57+00:00","breadcrumb":{"@id":"https:\/\/balancasdigital.com.br\/index.php\/request-quote\/#breadcrumb"},"inLanguage":"pt-BR","potentialAction":[{"@type":"ReadAction","target":["https:\/\/balancasdigital.com.br\/index.php\/request-quote\/"]}]},{"@type":"ImageObject","inLanguage":"pt-BR","@id":"https:\/\/balancasdigital.com.br\/index.php\/request-quote\/#primaryimage","url":"https:\/\/balancasdigital.com.br\/wp-content\/uploads\/2021\/06\/page_bg_4.jpg","contentUrl":"https:\/\/balancasdigital.com.br\/wp-content\/uploads\/2021\/06\/page_bg_4.jpg","width":1920,"height":658},{"@type":"BreadcrumbList","@id":"https:\/\/balancasdigital.com.br\/index.php\/request-quote\/#breadcrumb","itemListElement":[{"@type":"ListItem","position":1,"name":"In\u00edcio","item":"https:\/\/balancasdigital.com.br\/"},{"@type":"ListItem","position":2,"name":"Request Quote"}]},{"@type":"WebSite","@id":"https:\/\/balancasdigital.com.br\/#website","url":"https:\/\/balancasdigital.com.br\/","name":"Digital Balan\u00e7as","description":"Com\u00e9rcio e assist\u00eancia de balan\u00e7as","potentialAction":[{"@type":"SearchAction","target":{"@type":"EntryPoint","urlTemplate":"https:\/\/balancasdigital.com.br\/?s={search_term_string}"},"query-input":{"@type":"PropertyValueSpecification","valueRequired":true,"valueName":"search_term_string"}}],"inLanguage":"pt-BR"}]}},"_links":{"self":[{"href":"https:\/\/balancasdigital.com.br\/index.php\/wp-json\/wp\/v2\/pages\/82","targetHints":{"allow":["GET"]}}],"collection":[{"href":"https:\/\/balancasdigital.com.br\/index.php\/wp-json\/wp\/v2\/pages"}],"about":[{"href":"https:\/\/balancasdigital.com.br\/index.php\/wp-json\/wp\/v2\/types\/page"}],"author":[{"embeddable":true,"href":"https:\/\/balancasdigital.com.br\/index.php\/wp-json\/wp\/v2\/users\/1"}],"replies":[{"embeddable":true,"href":"https:\/\/balancasdigital.com.br\/index.php\/wp-json\/wp\/v2\/comments?post=82"}],"version-history":[{"count":0,"href":"https:\/\/balancasdigital.com.br\/index.php\/wp-json\/wp\/v2\/pages\/82\/revisions"}],"wp:featuredmedia":[{"embeddable":true,"href":"https:\/\/balancasdigital.com.br\/index.php\/wp-json\/wp\/v2\/media\/20"}],"wp:attachment":[{"href":"https:\/\/balancasdigital.com.br\/index.php\/wp-json\/wp\/v2\/media?parent=82"}],"curies":[{"name":"wp","href":"https:\/\/api.w.org\/{rel}","templated":true}]}}