{"id":76,"date":"2021-06-16T15:59:41","date_gmt":"2021-06-16T15:59:41","guid":{"rendered":"https:\/\/demo.artureanec.com\/themes\/transx-new\/?page_id=76"},"modified":"2022-12-20T17:15:41","modified_gmt":"2022-12-20T17:15:41","slug":"our-trucks","status":"publish","type":"page","link":"https:\/\/balancasdigital.com.br\/index.php\/our-trucks\/","title":{"rendered":"Our Trucks"},"content":{"rendered":"\t\t<div data-elementor-type=\"wp-page\" data-elementor-id=\"76\" class=\"elementor elementor-76\">\n\t\t\t\t\t\t<section class=\"elementor-section elementor-top-section elementor-element elementor-element-6438f5f2 elementor-reverse-tablet elementor-reverse-mobile elementor-section-boxed elementor-section-height-default elementor-section-height-default\" data-id=\"6438f5f2\" data-element_type=\"section\">\n\t\t\t\t\t\t<div class=\"elementor-container elementor-column-gap-default\">\n\t\t\t\t\t<div class=\"elementor-column elementor-col-50 elementor-top-column elementor-element elementor-element-329db662\" data-id=\"329db662\" data-element_type=\"column\">\n\t\t\t<div class=\"elementor-widget-wrap elementor-element-populated\">\n\t\t\t\t\t\t<div class=\"elementor-element elementor-element-5a90ab85 elementor-widget elementor-widget-transx_heading\" data-id=\"5a90ab85\" data-element_type=\"widget\" data-widget_type=\"transx_heading.default\">\n\t\t\t\t<div class=\"elementor-widget-container\">\n\t\t\t\n        <div class=\"transx_heading_widget\">\n                                <div class=\"transx_up_heading\">Freightliner<\/div>\n                    \n                <h2 class=\"transx_heading\">\n                    Cascadia  Evolution                <\/h2>\n                        <\/div>\n        \t\t<\/div>\n\t\t\t\t<\/div>\n\t\t\t\t<div class=\"elementor-element elementor-element-3cdbea7a elementor-widget elementor-widget-text-editor\" data-id=\"3cdbea7a\" data-element_type=\"widget\" data-widget_type=\"text-editor.default\">\n\t\t\t\t<div class=\"elementor-widget-container\">\n\t\t\t\t\t\t\t<p>Southern flounder trench whiff quillback bluntnose knifefish smelt, Black mackerel oceanic whitetip shark. Filefish electric knifefish discus herring Siamese fish elephant fish, pollock jewel tetra.<\/p>\t\t\t\t\t\t<\/div>\n\t\t\t\t<\/div>\n\t\t\t\t<section class=\"elementor-section elementor-inner-section elementor-element elementor-element-4d84049d elementor-section-boxed elementor-section-height-default elementor-section-height-default\" data-id=\"4d84049d\" data-element_type=\"section\">\n\t\t\t\t\t\t<div class=\"elementor-container elementor-column-gap-default\">\n\t\t\t\t\t<div class=\"elementor-column elementor-col-50 elementor-inner-column elementor-element elementor-element-45b22214\" data-id=\"45b22214\" data-element_type=\"column\">\n\t\t\t<div class=\"elementor-widget-wrap elementor-element-populated\">\n\t\t\t\t\t\t<div class=\"elementor-element elementor-element-5348ddca elementor-widget elementor-widget-text-editor\" data-id=\"5348ddca\" data-element_type=\"widget\" data-widget_type=\"text-editor.default\">\n\t\t\t\t<div class=\"elementor-widget-container\">\n\t\t\t\t\t\t\t<h5 style=\"margin-bottom: 19px;\">Features<\/h5><ul><li>Roll Over Stability Control<\/li><li>Lane Departure Control<\/li><li>Sirius\/XM Enabled Additional<\/li><li>Qualcomm Omnitracs<\/li><\/ul>\t\t\t\t\t\t<\/div>\n\t\t\t\t<\/div>\n\t\t\t\t\t<\/div>\n\t\t<\/div>\n\t\t\t\t<div class=\"elementor-column elementor-col-50 elementor-inner-column elementor-element elementor-element-7ed00725\" data-id=\"7ed00725\" data-element_type=\"column\">\n\t\t\t<div class=\"elementor-widget-wrap elementor-element-populated\">\n\t\t\t\t\t\t<div class=\"elementor-element elementor-element-6fe16e1d elementor-widget elementor-widget-text-editor\" data-id=\"6fe16e1d\" data-element_type=\"widget\" data-widget_type=\"text-editor.default\">\n\t\t\t\t<div class=\"elementor-widget-container\">\n\t\t\t\t\t\t\t<h5 style=\"margin-bottom: 22px;\">Truck info<\/h5>\n<div style=\"margin-bottom: 21px;\"><strong>Model:<\/strong> Cascadia<\/div>\n<div style=\"margin-bottom: 21px;\"><strong>Engine:<\/strong> Detroit DD15<\/div>\n<div style=\"margin-bottom: 21px;\"><strong>Sleeper:<\/strong> 72 full-size condo<\/div>\n<div style=\"margin-bottom: 10px;\"><strong>Transmission:<\/strong> 12 Speed Auto<\/div>\t\t\t\t\t\t<\/div>\n\t\t\t\t<\/div>\n\t\t\t\t\t<\/div>\n\t\t<\/div>\n\t\t\t\t\t<\/div>\n\t\t<\/section>\n\t\t\t\t\t<\/div>\n\t\t<\/div>\n\t\t\t\t<div class=\"elementor-column elementor-col-50 elementor-top-column elementor-element elementor-element-6bb56944\" data-id=\"6bb56944\" data-element_type=\"column\">\n\t\t\t<div class=\"elementor-widget-wrap elementor-element-populated\">\n\t\t\t\t\t\t<div class=\"elementor-element elementor-element-67782305 elementor-widget elementor-widget-image\" data-id=\"67782305\" data-element_type=\"widget\" data-widget_type=\"image.default\">\n\t\t\t\t<div class=\"elementor-widget-container\">\n\t\t\t\t\t\t\t\t\t\t\t\t\t<img fetchpriority=\"high\" decoding=\"async\" width=\"729\" height=\"389\" src=\"https:\/\/balancasdigital.com.br\/wp-content\/uploads\/2021\/06\/car_1.png\" class=\"attachment-full size-full wp-image-571\" alt=\"\" srcset=\"https:\/\/balancasdigital.com.br\/wp-content\/uploads\/2021\/06\/car_1.png 729w, https:\/\/balancasdigital.com.br\/wp-content\/uploads\/2021\/06\/car_1-600x320.png 600w\" sizes=\"(max-width: 729px) 100vw, 729px\" \/>\t\t\t\t\t\t\t\t\t\t\t\t\t<\/div>\n\t\t\t\t<\/div>\n\t\t\t\t\t<\/div>\n\t\t<\/div>\n\t\t\t\t\t<\/div>\n\t\t<\/section>\n\t\t\t\t<section class=\"elementor-section elementor-top-section elementor-element elementor-element-8324b46 elementor-section-stretched elementor-section-boxed elementor-section-height-default elementor-section-height-default\" data-id=\"8324b46\" data-element_type=\"section\" data-settings=\"{&quot;stretch_section&quot;:&quot;section-stretched&quot;,&quot;background_background&quot;:&quot;classic&quot;}\">\n\t\t\t\t\t\t<div class=\"elementor-container elementor-column-gap-default\">\n\t\t\t\t\t<div class=\"elementor-column elementor-col-50 elementor-top-column elementor-element elementor-element-5e18c498\" data-id=\"5e18c498\" data-element_type=\"column\">\n\t\t\t<div class=\"elementor-widget-wrap elementor-element-populated\">\n\t\t\t\t\t\t<div class=\"elementor-element elementor-element-2a606e51 elementor-widget elementor-widget-image\" data-id=\"2a606e51\" data-element_type=\"widget\" data-widget_type=\"image.default\">\n\t\t\t\t<div class=\"elementor-widget-container\">\n\t\t\t\t\t\t\t\t\t\t\t\t\t<img decoding=\"async\" width=\"681\" height=\"342\" src=\"https:\/\/balancasdigital.com.br\/wp-content\/uploads\/2021\/07\/car_3.png\" class=\"attachment-full size-full wp-image-1307\" alt=\"\" srcset=\"https:\/\/balancasdigital.com.br\/wp-content\/uploads\/2021\/07\/car_3.png 681w, https:\/\/balancasdigital.com.br\/wp-content\/uploads\/2021\/07\/car_3-600x301.png 600w\" sizes=\"(max-width: 681px) 100vw, 681px\" \/>\t\t\t\t\t\t\t\t\t\t\t\t\t<\/div>\n\t\t\t\t<\/div>\n\t\t\t\t\t<\/div>\n\t\t<\/div>\n\t\t\t\t<div class=\"elementor-column elementor-col-50 elementor-top-column elementor-element elementor-element-73a174f0\" data-id=\"73a174f0\" data-element_type=\"column\">\n\t\t\t<div class=\"elementor-widget-wrap elementor-element-populated\">\n\t\t\t\t\t\t<div class=\"elementor-element elementor-element-712503f5 elementor-widget elementor-widget-transx_heading\" data-id=\"712503f5\" data-element_type=\"widget\" data-widget_type=\"transx_heading.default\">\n\t\t\t\t<div class=\"elementor-widget-container\">\n\t\t\t\n        <div class=\"transx_heading_widget\">\n                                <div class=\"transx_up_heading\">Freightliner<\/div>\n                    \n                <h2 class=\"transx_heading\">\n                    Cascadia  Evolution mid-roof                <\/h2>\n                        <\/div>\n        \t\t<\/div>\n\t\t\t\t<\/div>\n\t\t\t\t<div class=\"elementor-element elementor-element-61a56f9c elementor-widget elementor-widget-text-editor\" data-id=\"61a56f9c\" data-element_type=\"widget\" data-widget_type=\"text-editor.default\">\n\t\t\t\t<div class=\"elementor-widget-container\">\n\t\t\t\t\t\t\t<p>Southern flounder trench whiff quillback bluntnose knifefish smelt, Black mackerel oceanic whitetip shark. Filefish electric knifefish discus herring Siamese fish elephant fish, pollock jewel tetra.<\/p>\t\t\t\t\t\t<\/div>\n\t\t\t\t<\/div>\n\t\t\t\t<section class=\"elementor-section elementor-inner-section elementor-element elementor-element-174af4ef elementor-section-boxed elementor-section-height-default elementor-section-height-default\" data-id=\"174af4ef\" data-element_type=\"section\">\n\t\t\t\t\t\t<div class=\"elementor-container elementor-column-gap-default\">\n\t\t\t\t\t<div class=\"elementor-column elementor-col-50 elementor-inner-column elementor-element elementor-element-19ea176f\" data-id=\"19ea176f\" data-element_type=\"column\">\n\t\t\t<div class=\"elementor-widget-wrap elementor-element-populated\">\n\t\t\t\t\t\t<div class=\"elementor-element elementor-element-3d015884 elementor-widget elementor-widget-text-editor\" data-id=\"3d015884\" data-element_type=\"widget\" data-widget_type=\"text-editor.default\">\n\t\t\t\t<div class=\"elementor-widget-container\">\n\t\t\t\t\t\t\t<h5 style=\"margin-bottom: 19px;\">Features<\/h5>\n<ul>\n \t<li>Roll Over Stability Control<\/li>\n \t<li>Lane Departure Control<\/li>\n \t<li>Sirius\/XM Enabled Additional<\/li>\n \t<li>Qualcomm Omnitracs<\/li>\n<\/ul>\t\t\t\t\t\t<\/div>\n\t\t\t\t<\/div>\n\t\t\t\t\t<\/div>\n\t\t<\/div>\n\t\t\t\t<div class=\"elementor-column elementor-col-50 elementor-inner-column elementor-element elementor-element-1c0ddf22\" data-id=\"1c0ddf22\" data-element_type=\"column\">\n\t\t\t<div class=\"elementor-widget-wrap elementor-element-populated\">\n\t\t\t\t\t\t<div class=\"elementor-element elementor-element-6623203d elementor-widget elementor-widget-text-editor\" data-id=\"6623203d\" data-element_type=\"widget\" data-widget_type=\"text-editor.default\">\n\t\t\t\t<div class=\"elementor-widget-container\">\n\t\t\t\t\t\t\t<h5 style=\"margin-bottom: 22px;\">Truck info<\/h5>\n<div style=\"margin-bottom: 21px;\"><strong>Model:<\/strong> Cascadia<\/div>\n<div style=\"margin-bottom: 21px;\"><strong>Engine:<\/strong> Detroit DD15<\/div>\n<div style=\"margin-bottom: 21px;\"><strong>Sleeper:<\/strong> 72 full-size condo<\/div>\n<div style=\"margin-bottom: 10px;\"><strong>Transmission:<\/strong> 12 Speed Auto<\/div>\t\t\t\t\t\t<\/div>\n\t\t\t\t<\/div>\n\t\t\t\t\t<\/div>\n\t\t<\/div>\n\t\t\t\t\t<\/div>\n\t\t<\/section>\n\t\t\t\t\t<\/div>\n\t\t<\/div>\n\t\t\t\t\t<\/div>\n\t\t<\/section>\n\t\t\t\t<section class=\"elementor-section elementor-top-section elementor-element elementor-element-57cf1d79 elementor-reverse-tablet elementor-reverse-mobile elementor-section-boxed elementor-section-height-default elementor-section-height-default\" data-id=\"57cf1d79\" data-element_type=\"section\">\n\t\t\t\t\t\t<div class=\"elementor-container elementor-column-gap-default\">\n\t\t\t\t\t<div class=\"elementor-column elementor-col-50 elementor-top-column elementor-element elementor-element-498f61ad\" data-id=\"498f61ad\" data-element_type=\"column\">\n\t\t\t<div class=\"elementor-widget-wrap elementor-element-populated\">\n\t\t\t\t\t\t<div class=\"elementor-element elementor-element-54b6dbe4 elementor-widget elementor-widget-transx_heading\" data-id=\"54b6dbe4\" data-element_type=\"widget\" data-widget_type=\"transx_heading.default\">\n\t\t\t\t<div class=\"elementor-widget-container\">\n\t\t\t\n        <div class=\"transx_heading_widget\">\n                                <div class=\"transx_up_heading\">Freightliner<\/div>\n                    \n                <h2 class=\"transx_heading\">\n                    Cascadia  Evolution                <\/h2>\n                        <\/div>\n        \t\t<\/div>\n\t\t\t\t<\/div>\n\t\t\t\t<div class=\"elementor-element elementor-element-3b96b59e elementor-widget elementor-widget-text-editor\" data-id=\"3b96b59e\" data-element_type=\"widget\" data-widget_type=\"text-editor.default\">\n\t\t\t\t<div class=\"elementor-widget-container\">\n\t\t\t\t\t\t\t<p>Southern flounder trench whiff quillback bluntnose knifefish smelt, Black mackerel oceanic whitetip shark. Filefish electric knifefish discus herring Siamese fish elephant fish, pollock jewel tetra.<\/p>\t\t\t\t\t\t<\/div>\n\t\t\t\t<\/div>\n\t\t\t\t<section class=\"elementor-section elementor-inner-section elementor-element elementor-element-4994f4de elementor-section-boxed elementor-section-height-default elementor-section-height-default\" data-id=\"4994f4de\" data-element_type=\"section\">\n\t\t\t\t\t\t<div class=\"elementor-container elementor-column-gap-default\">\n\t\t\t\t\t<div class=\"elementor-column elementor-col-50 elementor-inner-column elementor-element elementor-element-11de620c\" data-id=\"11de620c\" data-element_type=\"column\">\n\t\t\t<div class=\"elementor-widget-wrap elementor-element-populated\">\n\t\t\t\t\t\t<div class=\"elementor-element elementor-element-71b76c39 elementor-widget elementor-widget-text-editor\" data-id=\"71b76c39\" data-element_type=\"widget\" data-widget_type=\"text-editor.default\">\n\t\t\t\t<div class=\"elementor-widget-container\">\n\t\t\t\t\t\t\t<h5 style=\"margin-bottom: 19px;\">Features<\/h5>\n<ul>\n \t<li>Roll Over Stability Control<\/li>\n \t<li>Lane Departure Control<\/li>\n \t<li>Sirius\/XM Enabled Additional<\/li>\n \t<li>Qualcomm Omnitracs<\/li>\n<\/ul>\t\t\t\t\t\t<\/div>\n\t\t\t\t<\/div>\n\t\t\t\t\t<\/div>\n\t\t<\/div>\n\t\t\t\t<div class=\"elementor-column elementor-col-50 elementor-inner-column elementor-element elementor-element-4d81c1b\" data-id=\"4d81c1b\" data-element_type=\"column\">\n\t\t\t<div class=\"elementor-widget-wrap elementor-element-populated\">\n\t\t\t\t\t\t<div class=\"elementor-element elementor-element-3af20710 elementor-widget elementor-widget-text-editor\" data-id=\"3af20710\" data-element_type=\"widget\" data-widget_type=\"text-editor.default\">\n\t\t\t\t<div class=\"elementor-widget-container\">\n\t\t\t\t\t\t\t<h5 style=\"margin-bottom: 22px;\">Truck info<\/h5>\n<div style=\"margin-bottom: 21px;\"><strong>Model:<\/strong> Cascadia<\/div>\n<div style=\"margin-bottom: 21px;\"><strong>Engine:<\/strong> Detroit DD15<\/div>\n<div style=\"margin-bottom: 21px;\"><strong>Sleeper:<\/strong> 72 full-size condo<\/div>\n<div style=\"margin-bottom: 10px;\"><strong>Transmission:<\/strong> 12 Speed Auto<\/div>\t\t\t\t\t\t<\/div>\n\t\t\t\t<\/div>\n\t\t\t\t\t<\/div>\n\t\t<\/div>\n\t\t\t\t\t<\/div>\n\t\t<\/section>\n\t\t\t\t\t<\/div>\n\t\t<\/div>\n\t\t\t\t<div class=\"elementor-column elementor-col-50 elementor-top-column elementor-element elementor-element-4f1c83e7\" data-id=\"4f1c83e7\" data-element_type=\"column\">\n\t\t\t<div class=\"elementor-widget-wrap elementor-element-populated\">\n\t\t\t\t\t\t<div class=\"elementor-element elementor-element-3d1a616 elementor-widget elementor-widget-image\" data-id=\"3d1a616\" data-element_type=\"widget\" data-widget_type=\"image.default\">\n\t\t\t\t<div class=\"elementor-widget-container\">\n\t\t\t\t\t\t\t\t\t\t\t\t\t<img fetchpriority=\"high\" decoding=\"async\" width=\"729\" height=\"389\" src=\"https:\/\/balancasdigital.com.br\/wp-content\/uploads\/2021\/06\/car_1.png\" class=\"attachment-full size-full wp-image-571\" alt=\"\" srcset=\"https:\/\/balancasdigital.com.br\/wp-content\/uploads\/2021\/06\/car_1.png 729w, https:\/\/balancasdigital.com.br\/wp-content\/uploads\/2021\/06\/car_1-600x320.png 600w\" sizes=\"(max-width: 729px) 100vw, 729px\" \/>\t\t\t\t\t\t\t\t\t\t\t\t\t<\/div>\n\t\t\t\t<\/div>\n\t\t\t\t\t<\/div>\n\t\t<\/div>\n\t\t\t\t\t<\/div>\n\t\t<\/section>\n\t\t\t\t<\/div>\n\t\t","protected":false},"excerpt":{"rendered":"<p>Southern flounder trench whiff quillback bluntnose knifefish smelt, Black mackerel oceanic whitetip shark. Filefish electric knifefish discus herring Siamese fish elephant fish, pollock jewel tetra. Features Roll Over Stability Control Lane Departure Control Sirius\/XM Enabled Additional Qualcomm Omnitracs Truck info Model: Cascadia Engine: Detroit DD15 Sleeper: 72 full-size condo Transmission: 12 Speed Auto Southern flounder [&hellip;]<\/p>\n","protected":false},"author":1,"featured_media":19,"parent":0,"menu_order":0,"comment_status":"closed","ping_status":"closed","template":"","meta":{"_joinchat":[],"footnotes":""},"class_list":["post-76","page","type-page","status-publish","has-post-thumbnail","hentry"],"yoast_head":"<!-- This site is optimized with the Yoast SEO plugin v24.0 - https:\/\/yoast.com\/wordpress\/plugins\/seo\/ -->\n<title>Our Trucks - Digital Balan\u00e7as<\/title>\n<meta name=\"robots\" content=\"index, follow, max-snippet:-1, max-image-preview:large, max-video-preview:-1\" \/>\n<link rel=\"canonical\" href=\"https:\/\/balancasdigital.com.br\/index.php\/our-trucks\/\" \/>\n<meta property=\"og:locale\" content=\"pt_BR\" \/>\n<meta property=\"og:type\" content=\"article\" \/>\n<meta property=\"og:title\" content=\"Our Trucks - Digital Balan\u00e7as\" \/>\n<meta property=\"og:description\" content=\"Southern flounder trench whiff quillback bluntnose knifefish smelt, Black mackerel oceanic whitetip shark. Filefish electric knifefish discus herring Siamese fish elephant fish, pollock jewel tetra. Features Roll Over Stability Control Lane Departure Control Sirius\/XM Enabled Additional Qualcomm Omnitracs Truck info Model: Cascadia Engine: Detroit DD15 Sleeper: 72 full-size condo Transmission: 12 Speed Auto Southern flounder [&hellip;]\" \/>\n<meta property=\"og:url\" content=\"https:\/\/balancasdigital.com.br\/index.php\/our-trucks\/\" \/>\n<meta property=\"og:site_name\" content=\"Digital Balan\u00e7as\" \/>\n<meta property=\"article:modified_time\" content=\"2022-12-20T17:15:41+00:00\" \/>\n<meta property=\"og:image\" content=\"https:\/\/balancasdigital.com.br\/wp-content\/uploads\/2021\/06\/page_bg_3.jpg\" \/>\n\t<meta property=\"og:image:width\" content=\"1920\" \/>\n\t<meta property=\"og:image:height\" content=\"658\" \/>\n\t<meta property=\"og:image:type\" content=\"image\/jpeg\" \/>\n<meta name=\"twitter:card\" content=\"summary_large_image\" \/>\n<meta name=\"twitter:label1\" content=\"Est. tempo de leitura\" \/>\n\t<meta name=\"twitter:data1\" content=\"1 minuto\" \/>\n<script type=\"application\/ld+json\" class=\"yoast-schema-graph\">{\"@context\":\"https:\/\/schema.org\",\"@graph\":[{\"@type\":\"WebPage\",\"@id\":\"https:\/\/balancasdigital.com.br\/index.php\/our-trucks\/\",\"url\":\"https:\/\/balancasdigital.com.br\/index.php\/our-trucks\/\",\"name\":\"Our Trucks - Digital Balan\u00e7as\",\"isPartOf\":{\"@id\":\"https:\/\/balancasdigital.com.br\/#website\"},\"primaryImageOfPage\":{\"@id\":\"https:\/\/balancasdigital.com.br\/index.php\/our-trucks\/#primaryimage\"},\"image\":{\"@id\":\"https:\/\/balancasdigital.com.br\/index.php\/our-trucks\/#primaryimage\"},\"thumbnailUrl\":\"https:\/\/balancasdigital.com.br\/wp-content\/uploads\/2021\/06\/page_bg_3.jpg\",\"datePublished\":\"2021-06-16T15:59:41+00:00\",\"dateModified\":\"2022-12-20T17:15:41+00:00\",\"breadcrumb\":{\"@id\":\"https:\/\/balancasdigital.com.br\/index.php\/our-trucks\/#breadcrumb\"},\"inLanguage\":\"pt-BR\",\"potentialAction\":[{\"@type\":\"ReadAction\",\"target\":[\"https:\/\/balancasdigital.com.br\/index.php\/our-trucks\/\"]}]},{\"@type\":\"ImageObject\",\"inLanguage\":\"pt-BR\",\"@id\":\"https:\/\/balancasdigital.com.br\/index.php\/our-trucks\/#primaryimage\",\"url\":\"https:\/\/balancasdigital.com.br\/wp-content\/uploads\/2021\/06\/page_bg_3.jpg\",\"contentUrl\":\"https:\/\/balancasdigital.com.br\/wp-content\/uploads\/2021\/06\/page_bg_3.jpg\",\"width\":1920,\"height\":658},{\"@type\":\"BreadcrumbList\",\"@id\":\"https:\/\/balancasdigital.com.br\/index.php\/our-trucks\/#breadcrumb\",\"itemListElement\":[{\"@type\":\"ListItem\",\"position\":1,\"name\":\"In\u00edcio\",\"item\":\"https:\/\/balancasdigital.com.br\/\"},{\"@type\":\"ListItem\",\"position\":2,\"name\":\"Our Trucks\"}]},{\"@type\":\"WebSite\",\"@id\":\"https:\/\/balancasdigital.com.br\/#website\",\"url\":\"https:\/\/balancasdigital.com.br\/\",\"name\":\"Digital Balan\u00e7as\",\"description\":\"Com\u00e9rcio e assist\u00eancia de balan\u00e7as\",\"potentialAction\":[{\"@type\":\"SearchAction\",\"target\":{\"@type\":\"EntryPoint\",\"urlTemplate\":\"https:\/\/balancasdigital.com.br\/?s={search_term_string}\"},\"query-input\":{\"@type\":\"PropertyValueSpecification\",\"valueRequired\":true,\"valueName\":\"search_term_string\"}}],\"inLanguage\":\"pt-BR\"}]}<\/script>\n<!-- \/ Yoast SEO plugin. -->","yoast_head_json":{"title":"Our Trucks - Digital Balan\u00e7as","robots":{"index":"index","follow":"follow","max-snippet":"max-snippet:-1","max-image-preview":"max-image-preview:large","max-video-preview":"max-video-preview:-1"},"canonical":"https:\/\/balancasdigital.com.br\/index.php\/our-trucks\/","og_locale":"pt_BR","og_type":"article","og_title":"Our Trucks - Digital Balan\u00e7as","og_description":"Southern flounder trench whiff quillback bluntnose knifefish smelt, Black mackerel oceanic whitetip shark. Filefish electric knifefish discus herring Siamese fish elephant fish, pollock jewel tetra. Features Roll Over Stability Control Lane Departure Control Sirius\/XM Enabled Additional Qualcomm Omnitracs Truck info Model: Cascadia Engine: Detroit DD15 Sleeper: 72 full-size condo Transmission: 12 Speed Auto Southern flounder [&hellip;]","og_url":"https:\/\/balancasdigital.com.br\/index.php\/our-trucks\/","og_site_name":"Digital Balan\u00e7as","article_modified_time":"2022-12-20T17:15:41+00:00","og_image":[{"width":1920,"height":658,"url":"https:\/\/balancasdigital.com.br\/wp-content\/uploads\/2021\/06\/page_bg_3.jpg","type":"image\/jpeg"}],"twitter_card":"summary_large_image","twitter_misc":{"Est. tempo de leitura":"1 minuto"},"schema":{"@context":"https:\/\/schema.org","@graph":[{"@type":"WebPage","@id":"https:\/\/balancasdigital.com.br\/index.php\/our-trucks\/","url":"https:\/\/balancasdigital.com.br\/index.php\/our-trucks\/","name":"Our Trucks - Digital Balan\u00e7as","isPartOf":{"@id":"https:\/\/balancasdigital.com.br\/#website"},"primaryImageOfPage":{"@id":"https:\/\/balancasdigital.com.br\/index.php\/our-trucks\/#primaryimage"},"image":{"@id":"https:\/\/balancasdigital.com.br\/index.php\/our-trucks\/#primaryimage"},"thumbnailUrl":"https:\/\/balancasdigital.com.br\/wp-content\/uploads\/2021\/06\/page_bg_3.jpg","datePublished":"2021-06-16T15:59:41+00:00","dateModified":"2022-12-20T17:15:41+00:00","breadcrumb":{"@id":"https:\/\/balancasdigital.com.br\/index.php\/our-trucks\/#breadcrumb"},"inLanguage":"pt-BR","potentialAction":[{"@type":"ReadAction","target":["https:\/\/balancasdigital.com.br\/index.php\/our-trucks\/"]}]},{"@type":"ImageObject","inLanguage":"pt-BR","@id":"https:\/\/balancasdigital.com.br\/index.php\/our-trucks\/#primaryimage","url":"https:\/\/balancasdigital.com.br\/wp-content\/uploads\/2021\/06\/page_bg_3.jpg","contentUrl":"https:\/\/balancasdigital.com.br\/wp-content\/uploads\/2021\/06\/page_bg_3.jpg","width":1920,"height":658},{"@type":"BreadcrumbList","@id":"https:\/\/balancasdigital.com.br\/index.php\/our-trucks\/#breadcrumb","itemListElement":[{"@type":"ListItem","position":1,"name":"In\u00edcio","item":"https:\/\/balancasdigital.com.br\/"},{"@type":"ListItem","position":2,"name":"Our Trucks"}]},{"@type":"WebSite","@id":"https:\/\/balancasdigital.com.br\/#website","url":"https:\/\/balancasdigital.com.br\/","name":"Digital Balan\u00e7as","description":"Com\u00e9rcio e assist\u00eancia de balan\u00e7as","potentialAction":[{"@type":"SearchAction","target":{"@type":"EntryPoint","urlTemplate":"https:\/\/balancasdigital.com.br\/?s={search_term_string}"},"query-input":{"@type":"PropertyValueSpecification","valueRequired":true,"valueName":"search_term_string"}}],"inLanguage":"pt-BR"}]}},"_links":{"self":[{"href":"https:\/\/balancasdigital.com.br\/index.php\/wp-json\/wp\/v2\/pages\/76","targetHints":{"allow":["GET"]}}],"collection":[{"href":"https:\/\/balancasdigital.com.br\/index.php\/wp-json\/wp\/v2\/pages"}],"about":[{"href":"https:\/\/balancasdigital.com.br\/index.php\/wp-json\/wp\/v2\/types\/page"}],"author":[{"embeddable":true,"href":"https:\/\/balancasdigital.com.br\/index.php\/wp-json\/wp\/v2\/users\/1"}],"replies":[{"embeddable":true,"href":"https:\/\/balancasdigital.com.br\/index.php\/wp-json\/wp\/v2\/comments?post=76"}],"version-history":[{"count":1,"href":"https:\/\/balancasdigital.com.br\/index.php\/wp-json\/wp\/v2\/pages\/76\/revisions"}],"predecessor-version":[{"id":1556,"href":"https:\/\/balancasdigital.com.br\/index.php\/wp-json\/wp\/v2\/pages\/76\/revisions\/1556"}],"wp:featuredmedia":[{"embeddable":true,"href":"https:\/\/balancasdigital.com.br\/index.php\/wp-json\/wp\/v2\/media\/19"}],"wp:attachment":[{"href":"https:\/\/balancasdigital.com.br\/index.php\/wp-json\/wp\/v2\/media?parent=76"}],"curies":[{"name":"wp","href":"https:\/\/api.w.org\/{rel}","templated":true}]}}