{"id":56,"date":"2021-06-16T15:56:50","date_gmt":"2021-06-16T15:56:50","guid":{"rendered":"https:\/\/demo.artureanec.com\/themes\/transx-new\/?page_id=56"},"modified":"2021-06-16T15:56:50","modified_gmt":"2021-06-16T15:56:50","slug":"gallery-masonry","status":"publish","type":"page","link":"https:\/\/balancasdigital.com.br\/index.php\/gallery-masonry\/","title":{"rendered":"Gallery Masonry"},"content":{"rendered":"\t\t<div data-elementor-type=\"wp-page\" data-elementor-id=\"56\" class=\"elementor elementor-56\">\n\t\t\t\t\t\t<section class=\"elementor-section elementor-top-section elementor-element elementor-element-54b07a3 elementor-section-full_width elementor-section-stretched elementor-section-height-default elementor-section-height-default\" data-id=\"54b07a3\" data-element_type=\"section\" data-settings=\"{&quot;stretch_section&quot;:&quot;section-stretched&quot;}\">\n\t\t\t\t\t\t<div class=\"elementor-container elementor-column-gap-no\">\n\t\t\t\t\t<div class=\"elementor-column elementor-col-100 elementor-top-column elementor-element elementor-element-bdb23de\" data-id=\"bdb23de\" data-element_type=\"column\">\n\t\t\t<div class=\"elementor-widget-wrap elementor-element-populated\">\n\t\t\t\t\t\t<div class=\"elementor-element elementor-element-7cf0832 elementor-widget elementor-widget-transx_gallery\" data-id=\"7cf0832\" data-element_type=\"widget\" data-widget_type=\"transx_gallery.default\">\n\t\t\t\t<div class=\"elementor-widget-container\">\n\t\t\t\n        <div class=\"transx_gallery_widget\">\n            <div class=\"transx_gallery_wrapper view_type_1\">\n                <div class=\"row no-gutters gallery-masonry\">\n                    \n                        <div class=\"col-md-6 col-lg-3 gallery-masonry__item transx_item_1\">\n                            <div class=\"gallery_masonry_item_wrapper\">\n                                <a class=\"gallery-masonry__img gallery-masonry__item--height-2\" href=\"https:\/\/demo.artureanec.com\/themes\/transx-new\/wp-content\/uploads\/2021\/06\/gallery_1.jpg\" data-fancybox=\"gallery\" data-elementor-open-lightbox=\"no\">\n                                    <div class=\"transx_overlay\"><\/div>\n                                    <img decoding=\"async\" class=\"transx_img--bg\" src=\"https:\/\/demo.artureanec.com\/themes\/transx-new\/wp-content\/uploads\/2021\/06\/gallery_1.jpg\" alt=\"Image\" \/>\n                                <\/a>\n\n                                                                    <div class=\"gallery-masonry__description\">\n                                                                                    <span>Delivery Administration<\/span>\n                                                                                <\/div>\n                                                                <\/div>\n                        <\/div>\n                        \n                        <div class=\"col-md-6 col-lg-3 gallery-masonry__item transx_item_2\">\n                            <div class=\"gallery_masonry_item_wrapper\">\n                                <a class=\"gallery-masonry__img gallery-masonry__item--height-2\" href=\"https:\/\/demo.artureanec.com\/themes\/transx-new\/wp-content\/uploads\/2021\/06\/gallery_2.jpg\" data-fancybox=\"gallery\" data-elementor-open-lightbox=\"no\">\n                                    <div class=\"transx_overlay\"><\/div>\n                                    <img decoding=\"async\" class=\"transx_img--bg\" src=\"https:\/\/demo.artureanec.com\/themes\/transx-new\/wp-content\/uploads\/2021\/06\/gallery_2.jpg\" alt=\"Image\" \/>\n                                <\/a>\n\n                                                                    <div class=\"gallery-masonry__description\">\n                                                                                    <span>Delivery Administration<\/span>\n                                                                                <\/div>\n                                                                <\/div>\n                        <\/div>\n                        \n                        <div class=\"col-md-6 col-lg-6 gallery-masonry__item transx_item_3\">\n                            <div class=\"gallery_masonry_item_wrapper\">\n                                <a class=\"gallery-masonry__img gallery-masonry__item--height-1\" href=\"https:\/\/demo.artureanec.com\/themes\/transx-new\/wp-content\/uploads\/2021\/06\/gallery_3.jpg\" data-fancybox=\"gallery\" data-elementor-open-lightbox=\"no\">\n                                    <div class=\"transx_overlay\"><\/div>\n                                    <img decoding=\"async\" class=\"transx_img--bg\" src=\"https:\/\/demo.artureanec.com\/themes\/transx-new\/wp-content\/uploads\/2021\/06\/gallery_3.jpg\" alt=\"Image\" \/>\n                                <\/a>\n\n                                                                    <div class=\"gallery-masonry__description\">\n                                                                                    <span>Delivery Administration<\/span>\n                                                                                <\/div>\n                                                                <\/div>\n                        <\/div>\n                        \n                        <div class=\"col-md-6 col-lg-6 gallery-masonry__item transx_item_4\">\n                            <div class=\"gallery_masonry_item_wrapper\">\n                                <a class=\"gallery-masonry__img gallery-masonry__item--height-3\" href=\"https:\/\/demo.artureanec.com\/themes\/transx-new\/wp-content\/uploads\/2021\/06\/gallery_4.jpg\" data-fancybox=\"gallery\" data-elementor-open-lightbox=\"no\">\n                                    <div class=\"transx_overlay\"><\/div>\n                                    <img decoding=\"async\" class=\"transx_img--bg\" src=\"https:\/\/demo.artureanec.com\/themes\/transx-new\/wp-content\/uploads\/2021\/06\/gallery_4.jpg\" alt=\"Image\" \/>\n                                <\/a>\n\n                                                                    <div class=\"gallery-masonry__description\">\n                                                                                    <span>Delivery Administration<\/span>\n                                                                                <\/div>\n                                                                <\/div>\n                        <\/div>\n                        \n                        <div class=\"col-md-6 col-lg-6 gallery-masonry__item transx_item_5\">\n                            <div class=\"gallery_masonry_item_wrapper\">\n                                <a class=\"gallery-masonry__img gallery-masonry__item--height-1\" href=\"https:\/\/demo.artureanec.com\/themes\/transx-new\/wp-content\/uploads\/2021\/06\/gallery_5.jpg\" data-fancybox=\"gallery\" data-elementor-open-lightbox=\"no\">\n                                    <div class=\"transx_overlay\"><\/div>\n                                    <img decoding=\"async\" class=\"transx_img--bg\" src=\"https:\/\/demo.artureanec.com\/themes\/transx-new\/wp-content\/uploads\/2021\/06\/gallery_5.jpg\" alt=\"Image\" \/>\n                                <\/a>\n\n                                                                    <div class=\"gallery-masonry__description\">\n                                                                                    <span>Delivery Administration<\/span>\n                                                                                <\/div>\n                                                                <\/div>\n                        <\/div>\n                        \n                        <div class=\"col-md-6 col-lg-6 gallery-masonry__item transx_item_6\">\n                            <div class=\"gallery_masonry_item_wrapper\">\n                                <a class=\"gallery-masonry__img gallery-masonry__item--height-3\" href=\"https:\/\/demo.artureanec.com\/themes\/transx-new\/wp-content\/uploads\/2021\/06\/gallery_6.jpg\" data-fancybox=\"gallery\" data-elementor-open-lightbox=\"no\">\n                                    <div class=\"transx_overlay\"><\/div>\n                                    <img decoding=\"async\" class=\"transx_img--bg\" src=\"https:\/\/demo.artureanec.com\/themes\/transx-new\/wp-content\/uploads\/2021\/06\/gallery_6.jpg\" alt=\"Image\" \/>\n                                <\/a>\n\n                                                                    <div class=\"gallery-masonry__description\">\n                                                                                    <span>Delivery Administration<\/span>\n                                                                                <\/div>\n                                                                <\/div>\n                        <\/div>\n                        \n                        <div class=\"col-md-6 col-lg-3 gallery-masonry__item transx_item_7\">\n                            <div class=\"gallery_masonry_item_wrapper\">\n                                <a class=\"gallery-masonry__img gallery-masonry__item--height-2\" href=\"https:\/\/demo.artureanec.com\/themes\/transx-new\/wp-content\/uploads\/2021\/06\/gallery_7.jpg\" data-fancybox=\"gallery\" data-elementor-open-lightbox=\"no\">\n                                    <div class=\"transx_overlay\"><\/div>\n                                    <img decoding=\"async\" class=\"transx_img--bg\" src=\"https:\/\/demo.artureanec.com\/themes\/transx-new\/wp-content\/uploads\/2021\/06\/gallery_7.jpg\" alt=\"Image\" \/>\n                                <\/a>\n\n                                                                    <div class=\"gallery-masonry__description\">\n                                                                                    <span>Delivery Administration<\/span>\n                                                                                <\/div>\n                                                                <\/div>\n                        <\/div>\n                        \n                        <div class=\"col-md-6 col-lg-3 gallery-masonry__item transx_item_8\">\n                            <div class=\"gallery_masonry_item_wrapper\">\n                                <a class=\"gallery-masonry__img gallery-masonry__item--height-2\" href=\"https:\/\/demo.artureanec.com\/themes\/transx-new\/wp-content\/uploads\/2021\/06\/gallery_8.jpg\" data-fancybox=\"gallery\" data-elementor-open-lightbox=\"no\">\n                                    <div class=\"transx_overlay\"><\/div>\n                                    <img decoding=\"async\" class=\"transx_img--bg\" src=\"https:\/\/demo.artureanec.com\/themes\/transx-new\/wp-content\/uploads\/2021\/06\/gallery_8.jpg\" alt=\"Image\" \/>\n                                <\/a>\n\n                                                                    <div class=\"gallery-masonry__description\">\n                                                                                    <span>Delivery Administration<\/span>\n                                                                                <\/div>\n                                                                <\/div>\n                        <\/div>\n                                            <div class=\"clear\"><\/div>\n                <\/div>\n            <\/div>\n        <\/div>\n        \t\t<\/div>\n\t\t\t\t<\/div>\n\t\t\t\t\t<\/div>\n\t\t<\/div>\n\t\t\t\t\t<\/div>\n\t\t<\/section>\n\t\t\t\t<\/div>\n\t\t","protected":false},"excerpt":{"rendered":"","protected":false},"author":1,"featured_media":0,"parent":0,"menu_order":0,"comment_status":"closed","ping_status":"closed","template":"","meta":{"_joinchat":[],"footnotes":""},"class_list":["post-56","page","type-page","status-publish","hentry"],"yoast_head":"<!-- This site is optimized with the Yoast SEO plugin v24.0 - https:\/\/yoast.com\/wordpress\/plugins\/seo\/ -->\n<title>Gallery Masonry - Digital Balan\u00e7as<\/title>\n<meta name=\"robots\" content=\"index, follow, max-snippet:-1, max-image-preview:large, max-video-preview:-1\" \/>\n<link rel=\"canonical\" href=\"https:\/\/balancasdigital.com.br\/index.php\/gallery-masonry\/\" \/>\n<meta property=\"og:locale\" content=\"pt_BR\" \/>\n<meta property=\"og:type\" content=\"article\" \/>\n<meta property=\"og:title\" content=\"Gallery Masonry - Digital Balan\u00e7as\" \/>\n<meta property=\"og:url\" content=\"https:\/\/balancasdigital.com.br\/index.php\/gallery-masonry\/\" \/>\n<meta property=\"og:site_name\" content=\"Digital Balan\u00e7as\" \/>\n<meta name=\"twitter:card\" content=\"summary_large_image\" \/>\n<script type=\"application\/ld+json\" class=\"yoast-schema-graph\">{\"@context\":\"https:\/\/schema.org\",\"@graph\":[{\"@type\":\"WebPage\",\"@id\":\"https:\/\/balancasdigital.com.br\/index.php\/gallery-masonry\/\",\"url\":\"https:\/\/balancasdigital.com.br\/index.php\/gallery-masonry\/\",\"name\":\"Gallery Masonry - Digital Balan\u00e7as\",\"isPartOf\":{\"@id\":\"https:\/\/balancasdigital.com.br\/#website\"},\"datePublished\":\"2021-06-16T15:56:50+00:00\",\"dateModified\":\"2021-06-16T15:56:50+00:00\",\"breadcrumb\":{\"@id\":\"https:\/\/balancasdigital.com.br\/index.php\/gallery-masonry\/#breadcrumb\"},\"inLanguage\":\"pt-BR\",\"potentialAction\":[{\"@type\":\"ReadAction\",\"target\":[\"https:\/\/balancasdigital.com.br\/index.php\/gallery-masonry\/\"]}]},{\"@type\":\"BreadcrumbList\",\"@id\":\"https:\/\/balancasdigital.com.br\/index.php\/gallery-masonry\/#breadcrumb\",\"itemListElement\":[{\"@type\":\"ListItem\",\"position\":1,\"name\":\"In\u00edcio\",\"item\":\"https:\/\/balancasdigital.com.br\/\"},{\"@type\":\"ListItem\",\"position\":2,\"name\":\"Gallery Masonry\"}]},{\"@type\":\"WebSite\",\"@id\":\"https:\/\/balancasdigital.com.br\/#website\",\"url\":\"https:\/\/balancasdigital.com.br\/\",\"name\":\"Digital Balan\u00e7as\",\"description\":\"Com\u00e9rcio e assist\u00eancia de balan\u00e7as\",\"potentialAction\":[{\"@type\":\"SearchAction\",\"target\":{\"@type\":\"EntryPoint\",\"urlTemplate\":\"https:\/\/balancasdigital.com.br\/?s={search_term_string}\"},\"query-input\":{\"@type\":\"PropertyValueSpecification\",\"valueRequired\":true,\"valueName\":\"search_term_string\"}}],\"inLanguage\":\"pt-BR\"}]}<\/script>\n<!-- \/ Yoast SEO plugin. -->","yoast_head_json":{"title":"Gallery Masonry - Digital Balan\u00e7as","robots":{"index":"index","follow":"follow","max-snippet":"max-snippet:-1","max-image-preview":"max-image-preview:large","max-video-preview":"max-video-preview:-1"},"canonical":"https:\/\/balancasdigital.com.br\/index.php\/gallery-masonry\/","og_locale":"pt_BR","og_type":"article","og_title":"Gallery Masonry - Digital Balan\u00e7as","og_url":"https:\/\/balancasdigital.com.br\/index.php\/gallery-masonry\/","og_site_name":"Digital Balan\u00e7as","twitter_card":"summary_large_image","schema":{"@context":"https:\/\/schema.org","@graph":[{"@type":"WebPage","@id":"https:\/\/balancasdigital.com.br\/index.php\/gallery-masonry\/","url":"https:\/\/balancasdigital.com.br\/index.php\/gallery-masonry\/","name":"Gallery Masonry - Digital Balan\u00e7as","isPartOf":{"@id":"https:\/\/balancasdigital.com.br\/#website"},"datePublished":"2021-06-16T15:56:50+00:00","dateModified":"2021-06-16T15:56:50+00:00","breadcrumb":{"@id":"https:\/\/balancasdigital.com.br\/index.php\/gallery-masonry\/#breadcrumb"},"inLanguage":"pt-BR","potentialAction":[{"@type":"ReadAction","target":["https:\/\/balancasdigital.com.br\/index.php\/gallery-masonry\/"]}]},{"@type":"BreadcrumbList","@id":"https:\/\/balancasdigital.com.br\/index.php\/gallery-masonry\/#breadcrumb","itemListElement":[{"@type":"ListItem","position":1,"name":"In\u00edcio","item":"https:\/\/balancasdigital.com.br\/"},{"@type":"ListItem","position":2,"name":"Gallery Masonry"}]},{"@type":"WebSite","@id":"https:\/\/balancasdigital.com.br\/#website","url":"https:\/\/balancasdigital.com.br\/","name":"Digital Balan\u00e7as","description":"Com\u00e9rcio e assist\u00eancia de balan\u00e7as","potentialAction":[{"@type":"SearchAction","target":{"@type":"EntryPoint","urlTemplate":"https:\/\/balancasdigital.com.br\/?s={search_term_string}"},"query-input":{"@type":"PropertyValueSpecification","valueRequired":true,"valueName":"search_term_string"}}],"inLanguage":"pt-BR"}]}},"_links":{"self":[{"href":"https:\/\/balancasdigital.com.br\/index.php\/wp-json\/wp\/v2\/pages\/56","targetHints":{"allow":["GET"]}}],"collection":[{"href":"https:\/\/balancasdigital.com.br\/index.php\/wp-json\/wp\/v2\/pages"}],"about":[{"href":"https:\/\/balancasdigital.com.br\/index.php\/wp-json\/wp\/v2\/types\/page"}],"author":[{"embeddable":true,"href":"https:\/\/balancasdigital.com.br\/index.php\/wp-json\/wp\/v2\/users\/1"}],"replies":[{"embeddable":true,"href":"https:\/\/balancasdigital.com.br\/index.php\/wp-json\/wp\/v2\/comments?post=56"}],"version-history":[{"count":0,"href":"https:\/\/balancasdigital.com.br\/index.php\/wp-json\/wp\/v2\/pages\/56\/revisions"}],"wp:attachment":[{"href":"https:\/\/balancasdigital.com.br\/index.php\/wp-json\/wp\/v2\/media?parent=56"}],"curies":[{"name":"wp","href":"https:\/\/api.w.org\/{rel}","templated":true}]}}